{"id":30,"date":"2015-08-30T08:41:19","date_gmt":"2015-08-30T08:41:19","guid":{"rendered":"http:\/\/grundschule-edwin-scharff-ring.schulhomepages.hamburg.de\/?page_id=30"},"modified":"2024-10-30T21:52:02","modified_gmt":"2024-10-30T20:52:02","slug":"impressum","status":"publish","type":"page","link":"https:\/\/grundschule-edwin-scharff-ring.hamburg.de\/?page_id=30","title":{"rendered":"Impressum"},"content":{"rendered":"<p><strong>Grundschule Edwin-Scharff-Ring<\/strong><br \/>\nEdwin-Scharff-Ring 56<br \/>\n22309 Hamburg<\/p>\n<p>Tel.:&nbsp;&nbsp;+49 40 4289638 40<br \/>\nFAX:&nbsp; +49 40 428963822<\/p>\n<p>Email: grundschule-edwin-scharff-ring@bsb.hamburg.de<\/p>\n<p><span style=\"line-height: 1.5\">Schulleitung: Florian Severin: <strong>florian.severin<\/strong><\/span><span style=\"font-size: 10pt\"><strong style=\"line-height: 1.5\">@bsb.hamburg.de<\/strong><\/span><\/p>\n<p>Stellvertr. Schulleitung: Maike Eggerstedt: <span style=\"font-size: 10pt\"><strong>maike.eggerstedt@bsb.hamburg.de<\/strong><\/span><\/p>\n<p>Verantwortlich f\u00fcr diese Homepage:<br \/>\nFlorian Severin<br \/>\nEdwin-Scharff-Ring 56<br \/>\n22309 Hamburg<\/p>\n<p><b>Haftungsausschluss:<\/b><\/p>\n<p><b>&nbsp;<\/b><b>Haftung f\u00fcr Links<\/b><\/p>\n<p>F\u00fcr die Inhalte der verlinkten Seiten ist stets der jeweilige Anbieter oder Betreiber der Seiten verantwortlich. Die verlinkten Seiten wurden zum Zeitpunkt der Verlinkung auf m\u00f6gliche Rechtsverst\u00f6\u00dfe \u00fcberpr\u00fcft. Rechtswidrige Inhalte waren zum Zeitpunkt der Verlinkung nicht erkennbar. Eine permanente inhaltliche Kontrolle der verlinkten Seiten ist jedoch ohne konkrete Anhaltspunkte einer Rechtsverletzung nicht zumutbar. Bei Bekanntwerden von Rechtsverletzungen werden wir derartige Links umgehend entfernen.<\/p>\n<p><b>Datenschutz<\/b><b><\/b><\/p>\n<p>Die Nutzung unserer Webseite ist ohne Angabe personenbezogener Daten m\u00f6glich. Soweit auf unseren Seiten personenbezogene Daten (beispielsweise Name, Anschrift oder E-Mail-Adressen) erhoben werden, erfolgt dies, soweit m\u00f6glich, stets auf freiwilliger Basis. Diese Daten werden ohne Ihre ausdr\u00fcckliche Zustimmung nicht an Dritte weitergegeben.<\/p>\n<p>Der Nutzung von im Rahmen der Impressumspflicht ver\u00f6ffentlichten Kontaktdaten durch Dritte zur \u00dcbersendung von nicht ausdr\u00fccklich angeforderter Werbung und Informationsmaterialien wird hiermit ausdr\u00fccklich widersprochen. Die Betreiber der Seiten behalten sich ausdr\u00fccklich rechtliche Schritte im Falle der unverlangten Zusendung von Werbeinformationen, etwa durch Spam-Mails, vor.<\/p>\n<p><strong>Urheberrecht<\/strong><br \/>\nDie verwendeten Grafiken und Fotos sowie die einzelnen Beitr\u00e4ge sind urheberrechtlich gesch\u00fctzt. Die Seiten d\u00fcrfen nur zum privaten Gebrauch vervielf\u00e4ltigt, \u00c4nderungen nicht vorgenommen und Vervielf\u00e4ltigungsst\u00fccke weder verbreitet noch zur \u00f6ffentlichen Wiedergabe benutzt werden.<\/p>\n<p>&nbsp;<\/p>\n","protected":false},"excerpt":{"rendered":"<p>Grundschule Edwin-Scharff-Ring Edwin-Scharff-Ring 56 22309 Hamburg Tel.:&nbsp;&nbsp;+49 40 4289638 40 FAX:&nbsp; +49 40 428963822 Email: grundschule-edwin-scharff-ring@bsb.hamburg.de Schulleitung: Florian Severin: florian.severin@bsb.hamburg.de Stellvertr. Schulleitung: Maike Eggerstedt: maike.eggerstedt@bsb.hamburg.de Verantwortlich f\u00fcr diese Homepage: Florian Severin Edwin-Scharff-Ring 56 22309 Hamburg Haftungsausschluss: &nbsp;Haftung f\u00fcr Links F\u00fcr die Inhalte der verlinkten Seiten ist stets der jeweilige Anbieter oder Betreiber der Seiten verantwortlich. [&hellip;]<\/p>\n","protected":false},"author":221,"featured_media":0,"parent":0,"menu_order":0,"comment_status":"closed","ping_status":"closed","template":"","meta":{"_acf_changed":false,"_et_pb_use_builder":"","_et_pb_old_content":"","_et_gb_content_width":"","footnotes":""},"class_list":["post-30","page","type-page","status-publish","hentry"],"acf":[],"_links":{"self":[{"href":"https:\/\/grundschule-edwin-scharff-ring.hamburg.de\/index.php?rest_route=\/wp\/v2\/pages\/30","targetHints":{"allow":["GET"]}}],"collection":[{"href":"https:\/\/grundschule-edwin-scharff-ring.hamburg.de\/index.php?rest_route=\/wp\/v2\/pages"}],"about":[{"href":"https:\/\/grundschule-edwin-scharff-ring.hamburg.de\/index.php?rest_route=\/wp\/v2\/types\/page"}],"author":[{"embeddable":true,"href":"https:\/\/grundschule-edwin-scharff-ring.hamburg.de\/index.php?rest_route=\/wp\/v2\/users\/221"}],"replies":[{"embeddable":true,"href":"https:\/\/grundschule-edwin-scharff-ring.hamburg.de\/index.php?rest_route=%2Fwp%2Fv2%2Fcomments&post=30"}],"version-history":[{"count":7,"href":"https:\/\/grundschule-edwin-scharff-ring.hamburg.de\/index.php?rest_route=\/wp\/v2\/pages\/30\/revisions"}],"predecessor-version":[{"id":2052,"href":"https:\/\/grundschule-edwin-scharff-ring.hamburg.de\/index.php?rest_route=\/wp\/v2\/pages\/30\/revisions\/2052"}],"wp:attachment":[{"href":"https:\/\/grundschule-edwin-scharff-ring.hamburg.de\/index.php?rest_route=%2Fwp%2Fv2%2Fmedia&parent=30"}],"curies":[{"name":"wp","href":"https:\/\/api.w.org\/{rel}","templated":true}]}}